{"id":6225,"date":"2023-09-08T15:59:32","date_gmt":"2023-09-08T15:59:32","guid":{"rendered":"https:\/\/www.anna-morajka.pl\/?page_id=6225"},"modified":"2023-09-08T16:05:40","modified_gmt":"2023-09-08T16:05:40","slug":"rodo","status":"publish","type":"page","link":"https:\/\/www.anna-morajka.pl\/index.php\/rodo\/","title":{"rendered":"RODO"},"content":{"rendered":"\n[et_pb_section fb_built=&#8221;1&#8243; theme_builder_area=&#8221;post_content&#8221; _builder_version=&#8221;4.22.1&#8243; _module_preset=&#8221;default&#8221;][et_pb_row _builder_version=&#8221;4.22.1&#8243; _module_preset=&#8221;default&#8221; theme_builder_area=&#8221;post_content&#8221;][et_pb_column _builder_version=&#8221;4.22.1&#8243; _module_preset=&#8221;default&#8221; type=&#8221;4_4&#8243; theme_builder_area=&#8221;post_content&#8221;][et_pb_text _builder_version=&#8221;4.22.1&#8243; _module_preset=&#8221;default&#8221; theme_builder_area=&#8221;post_content&#8221; hover_enabled=&#8221;0&#8243; sticky_enabled=&#8221;0&#8243;]<h1>KLAUZULA INFORMACYJNA<\/h1>\n<p>Niniejsza Informacja dla klienta, zosta\u0142a sporz\u0105dzona w celu spe\u0142nienia obowi\u0105zk\u00f3w informacyjnych, jakie nak\u0142ada na administratora danych Rozporz\u0105dzenie Parlamentu Europejskiego i Rady (UE) 2016\/679 z 27 kwietnia 2016 r. w sprawie ochrony os\u00f3b fizycznych w zwi\u0105zku z przetwarzaniem danych osobowych i w sprawie swobodnego przep\u0142ywu takich danych oraz uchylenia dyrektywy 95\/46\/WE (dalej RODO), w tym w szczeg\u00f3lno\u015bci art. 13 i 14 ww. rozporz\u0105dzenia oraz ustawy z dnia 10 maja 2018 r. o ochronie danych osobowych<\/p>\n<p>1. Dane osobowe podawane przez Klient\u00f3w Kancelarii Adwokackiej Adwokat Anny Morajka w Brzesku przetwarzane s\u0105 przez Ann\u0119 Morajka, prowadz\u0105c\u0105 ww. kancelari\u0119 adwokack\u0105 i osoby przez ni\u0105 upowa\u017cnione, adres miejsca wykonywania dzia\u0142alno\u015bci: ul. Adama Mickiewicza 6, 32-800 Brzesko, nr telefonu: 500 427 658, adres email: anna.morajka@adwokatura.krakow.pl (administrator danych).<br \/>2. Podanie danych osobowych przez Klienta nie jest obowi\u0105zkowe, jednak\u017ce ich podanie jest niezb\u0119dne do wykonania umowy z osob\u0105, kt\u00f3rej dane dotycz\u0105 lub do podj\u0119cia dzia\u0142a\u0144 na \u017c\u0105danie osoby, kt\u00f3rej dane dotycz\u0105 przed zawarciem umowy (art. 6 ust. 1 lit. b RODO) \u2013 np. w celu udzielenia porad prawnych czy sporz\u0105dzenia opinii prawnych.<br \/>Przetwarza si\u0119 dane osobowe w celach wynikaj\u0105cych z prawnie uzasadnionych interes\u00f3w realizowanych przez administratora lub przez stron\u0119 trzeci\u0105, z wyj\u0105tkiem sytuacji, w kt\u00f3rych nadrz\u0119dny charakter wobec tych interes\u00f3w maj\u0105 interesy lub podstawowe prawa i wolno\u015bci osoby, kt\u00f3rej dane dotycz\u0105, wymagaj\u0105ce ochrony danych osobowych, w szczeg\u00f3lno\u015bci, gdy osoba kt\u00f3rej dane dotycz\u0105, jest dzieckiem (art. 6 ust. 1 lit. f RODO) \u2013 np. dochodzenia roszcze\u0144.<br \/>Przetwarza si\u0119 dane osobowe, gdy jest to niezb\u0119dne do wype\u0142nienia obowi\u0105zku prawnego ci\u0105\u017c\u0105cego na administratorze (art. 6 ust. 1 lit. c RODO) \u2013 przyk\u0142adem takich przepis\u00f3w s\u0105 przepisy proceduralne, kt\u00f3re wskazuj\u0105 konkretny zakres danych osobowych, jaki powinien zosta\u0107 podany w zwi\u0105zku z konkretnymi czynno\u015bciami procesowymi (m.in. art. 126 \u00a7 1 i 2 k.p.c., art. 63 \u00a7 2, 3 i 3a k.p.a.)<br \/>Administrator danych przetwarza dane, jedynie w celu zwi\u0105zanym z wykonywaniem zawodu adwokata.<br \/>3. Klient ma prawo \u017c\u0105da\u0107 od Administratora dost\u0119pu do swoich danych, ich sprostowania, przenoszenia i usuni\u0119cia, a tak\u017ce prawo do ograniczenia przetwarzania danych.<br \/>Dane osobowe mog\u0105 by\u0107 poprawiane lub usuwane po poinformowaniu o tym fakcie adwokata (administratora danych) lub osob\u0119 przez niego upowa\u017cnion\u0105 do przetwarzania danych osobowych, osobi\u015bcie w siedzibie kancelarii lub drog\u0105 emaliow\u0105 na adres: anna.morajka@adwokatura.krakow.pl.<br \/>4. Klient podaj\u0105c dane o\u015bwiadcza, \u017ce podane przez niego dane osobowe s\u0105 jego w\u0142asnymi danymi. <br \/>5. Odbiorc\u0105 danych osobowych jest administrator danych, osoby legitymuj\u0105ce si\u0119 upowa\u017cnieniem od administratora do przetwarzania danych osobowych oraz osoby, z kt\u00f3rymi administrator zawar\u0142 umow\u0119 o powierzeniu przetwarzania danych osobowych.<br \/>6. Dane osobowe b\u0119d\u0105 przechowywane przez okres co najmniej pe\u0142nych 5 lat od wykonania zlecenia (prawomocnego zako\u0144czenia postepowania ewentualnie zako\u0144czenia postepowania egzekucyjnego, chyba \u017ce w umowie o \u015bwiadczenie us\u0142ug adwokackich strony postanowi\u0142y inaczej. Dokumenty mog\u0105ce stanowi\u0107 podstaw\u0119 odpowiedzialno\u015bci adwokata b\u0119d\u0105 przechowywane tak\u017ce przez okres pe\u0142nych 5 lat, lecz nie kr\u00f3cej ni\u017c do ko\u0144ca okresu przedawnienia ewentualnych roszcze\u0144 przeciwko adwokatowi (\u00a7 5 ust. 2 Regulaminu wykonywania zawodu adwokata w kancelarii indywidualnej lub sp\u00f3\u0142kach);<br \/>7. Klient ma prawo wniesienia skargi do organu nadzorczego \u2013 tj. do PUODO (Prezes Urz\u0119du Ochrony Danych Osobowych).<br \/>8. Podanie danych osobowych jest wymogiem umownym, pozwalaj\u0105cym na prawid\u0142owe wykonanie umowy o \u015bwiadczenie us\u0142ug prawnych. W przypadku podania przez Klienta b\u0142\u0119dnych lub niedok\u0142adnych danych osobowych, adwokat Anna Morajka w najszerszym dopuszczalnym przez prawo zakresie nie ponosi odpowiedzialno\u015bci za zdarzenia, wywo\u0142ane przez t\u0105 okoliczno\u015b\u0107. <br \/>9. Administrator nie zamierza przekazywa\u0107 danych Klienta pa\u0144stwa trzeciego ani do organizacji mi\u0119dzynarodowych.<br \/>10.W oparciu o dane osobowe Klienta Administrator nie b\u0119dzie podejmowa\u0142 wobec niego zautomatyzowanych decyzji, w tym decyzji b\u0119d\u0105cych wynikiem profilowania.<\/p>\n<p>&nbsp;<\/p>\n[\/et_pb_text][\/et_pb_column][\/et_pb_row][\/et_pb_section]\n","protected":false},"excerpt":{"rendered":"<p>KLAUZULA INFORMACYJNA Niniejsza Informacja dla klienta, zosta\u0142a sporz\u0105dzona w celu spe\u0142nienia obowi\u0105zk\u00f3w informacyjnych, jakie nak\u0142ada na administratora danych Rozporz\u0105dzenie Parlamentu Europejskiego i Rady (UE) 2016\/679 z 27 kwietnia 2016 r. w sprawie ochrony os\u00f3b fizycznych w zwi\u0105zku z przetwarzaniem danych osobowych i w sprawie swobodnego przep\u0142ywu takich danych oraz uchylenia dyrektywy 95\/46\/WE (dalej RODO), w [&hellip;]<\/p>\n","protected":false},"author":1,"featured_media":0,"parent":0,"menu_order":0,"comment_status":"closed","ping_status":"closed","template":"","meta":{"_et_pb_use_builder":"on","_et_pb_old_content":"","_et_gb_content_width":"","footnotes":""},"class_list":["post-6225","page","type-page","status-publish","hentry"],"_links":{"self":[{"href":"https:\/\/www.anna-morajka.pl\/index.php\/wp-json\/wp\/v2\/pages\/6225","targetHints":{"allow":["GET"]}}],"collection":[{"href":"https:\/\/www.anna-morajka.pl\/index.php\/wp-json\/wp\/v2\/pages"}],"about":[{"href":"https:\/\/www.anna-morajka.pl\/index.php\/wp-json\/wp\/v2\/types\/page"}],"author":[{"embeddable":true,"href":"https:\/\/www.anna-morajka.pl\/index.php\/wp-json\/wp\/v2\/users\/1"}],"replies":[{"embeddable":true,"href":"https:\/\/www.anna-morajka.pl\/index.php\/wp-json\/wp\/v2\/comments?post=6225"}],"version-history":[{"count":4,"href":"https:\/\/www.anna-morajka.pl\/index.php\/wp-json\/wp\/v2\/pages\/6225\/revisions"}],"predecessor-version":[{"id":6266,"href":"https:\/\/www.anna-morajka.pl\/index.php\/wp-json\/wp\/v2\/pages\/6225\/revisions\/6266"}],"wp:attachment":[{"href":"https:\/\/www.anna-morajka.pl\/index.php\/wp-json\/wp\/v2\/media?parent=6225"}],"curies":[{"name":"wp","href":"https:\/\/api.w.org\/{rel}","templated":true}]}}